{"id":4,"date":"2021-05-16T19:59:15","date_gmt":"2021-05-16T19:59:15","guid":{"rendered":"https:\/\/davidsiqueira.com\/dev\/?page_id=7"},"modified":"2026-02-05T12:59:31","modified_gmt":"2026-02-05T12:59:31","slug":"shamir-ecard","status":"publish","type":"page","link":"https:\/\/ecard.shamir.com\/pt\/","title":{"rendered":"home-page"},"content":{"rendered":"\n<div class=\"wp-block-group alignfull login-hero\"><div class=\"wp-block-group__inner-container is-layout-flow wp-block-group-is-layout-flow\">\n<div class=\"wp-block-columns alignfull is-layout-flex wp-container-core-columns-is-layout-9d6595d7 wp-block-columns-is-layout-flex\">\n<div class=\"wp-block-column is-layout-flow wp-block-column-is-layout-flow\">\n<p>Aceda \u00e0 sua \u00e1rea pessoal preenchendo os dados presentes no cart\u00e3o que acompanha as suas lentes Shamir.<\/p>\n<\/div>\n\n\n\n<div class=\"wp-block-column dark-card is-layout-flow wp-block-column-is-layout-flow\">\n<div class=\"wp-block-group\"><div class=\"wp-block-group__inner-container is-layout-flow wp-block-group-is-layout-flow\"><\/div><\/div>\n\n\n<div class=\"wpforms-container wpforms-container-full wpforms-block wpforms-block-fee34806-41ad-4159-8da9-c87e9234a64a\" id=\"wpforms-7\"><form id=\"wpforms-form-7\" class=\"wpforms-validate wpforms-form\" data-formid=\"7\" method=\"post\" enctype=\"multipart\/form-data\" action=\"\/pt\/wp-json\/wp\/v2\/pages\/4\" data-token=\"f306291d260c897feb17b977740433b4\" data-token-time=\"1775603371\"><noscript class=\"wpforms-error-noscript\">Please enable JavaScript in your browser to complete this form.<\/noscript><div class=\"wpforms-field-container\"><div id=\"wpforms-7-field_1-container\" class=\"wpforms-field wpforms-field-text\" data-field-id=\"1\"><label class=\"wpforms-field-label\" for=\"wpforms-7-field_1\">ID <span class=\"wpforms-required-label\">*<\/span><\/label><input type=\"text\" id=\"wpforms-7-field_1\" class=\"wpforms-field-medium wpforms-field-required wpforms-limit-characters-enabled\" data-form-id=\"7\" data-field-id=\"1\" data-text-limit=\"15\" name=\"wpforms[fields][1]\" maxlength=\"15\" required><\/div><div id=\"wpforms-7-field_2-container\" class=\"wpforms-field wpforms-field-text\" data-field-id=\"2\"><label class=\"wpforms-field-label\" for=\"wpforms-7-field_2\">Chave <span class=\"wpforms-required-label\">*<\/span><\/label><input type=\"text\" id=\"wpforms-7-field_2\" class=\"wpforms-field-medium wpforms-field-required wpforms-limit-characters-enabled\" data-form-id=\"7\" data-field-id=\"2\" data-text-limit=\"15\" name=\"wpforms[fields][2]\" maxlength=\"15\" required><\/div><\/div><!-- .wpforms-field-container --><div class=\"wpforms-field wpforms-field-hp\"><label for=\"wpforms-7-field-hp\" class=\"wpforms-field-label\">Name<\/label><input type=\"text\" name=\"wpforms[hp]\" id=\"wpforms-7-field-hp\" class=\"wpforms-field-medium\"><\/div><div class=\"wpforms-submit-container\" ><input type=\"hidden\" name=\"wpforms[id]\" value=\"7\"><input type=\"hidden\" name=\"page_title\" value=\"\"><input type=\"hidden\" name=\"page_url\" value=\"https:\/\/ecard.shamir.com\/pt\/wp-json\/wp\/v2\/pages\/4\"><button type=\"submit\" name=\"wpforms[submit]\" id=\"wpforms-submit-7\" class=\"wpforms-submit\" data-alt-text=\"Aguarde...\" data-submit-text=\"Submeter\" aria-live=\"assertive\" value=\"wpforms-submit\">Submeter<\/button><\/div><\/form><\/div>  <!-- .wpforms-container -->\n\n\n<div class=\"wp-block-group wrap-collabsible\"><div class=\"wp-block-group__inner-container is-layout-flow wp-block-group-is-layout-flow\">\n<label for=\"collapsible\" class=\"lbl-toggle\">Onde encontrar o meu ID e a minha chave?<\/label>\n  <div class=\"collapsible-content\">\n    <div class=\"content-inner\">\n\n\n\n<div class=\"wp-block-group ecard-example\"><div class=\"wp-block-group__inner-container is-layout-flow wp-block-group-is-layout-flow\">\n<p>ID<\/p>\n\n\n\n<p>Chave<\/p>\n<\/div><\/div>\n\n\n\n<\/div><\/div>\n<\/div><\/div>\n\n\n\n<p class=\"has-extra-small-font-size\" style=\"line-height:1\"><small>Este site \u00e9 protegido pelo reCAPTCHA do Google, a sua <a href=\"https:\/\/policies.google.com\/privacy\">Pol\u00edtica de Privacidade<\/a> e os seus <a href=\"https:\/\/policies.google.com\/terms\">Termos de Servi\u00e7o<\/a> aplicam-se.<\/small><\/p>\n<\/div>\n<\/div>\n<\/div><\/div>\n\n\n\n<div class=\"wp-block-group red-curve-block\"><div class=\"wp-block-group__inner-container is-layout-flow wp-block-group-is-layout-flow\">\n<h2 class=\"wp-block-heading\">O que \u00e9 o Shamir eCard<\/h2>\n\n\n\n<p>O Shamir eCard \u00e9 um duplo certificado das lentes oft\u00e1lmicas Shamir que, juntamente com as marcas a laser gravadas nas lentes, garante que estas foram desenvolvidas e produzidas pelo laborat\u00f3rio Shamir.<\/p>\n<\/div><\/div>\n\n\n\n<div class=\"wp-block-columns alignfull bloco-tech is-layout-flex wp-container-core-columns-is-layout-9d6595d7 wp-block-columns-is-layout-flex\">\n<div class=\"wp-block-column is-layout-flow wp-block-column-is-layout-flow\" style=\"flex-basis:50%\"><\/div>\n\n\n\n<div class=\"wp-block-column is-layout-flow wp-block-column-is-layout-flow\" style=\"flex-basis:50%\">\n<div class=\"wp-block-group alignfull\"><div class=\"wp-block-group__inner-container is-layout-flow wp-block-group-is-layout-flow\">\n<h2 class=\"wp-block-heading\">Informa\u00e7\u00e3o detalhada das suas lentes<\/h2>\n\n\n\n<p>Saiba ao pormenor o que tem \u00e0 frente dos seus olhos!<\/p>\n<\/div><\/div>\n<\/div>\n<\/div>\n\n\n\n<div class=\"wp-block-columns alignfull bloco-cinzento is-layout-flex wp-container-core-columns-is-layout-9d6595d7 wp-block-columns-is-layout-flex\">\n<div class=\"wp-block-column is-layout-flow wp-block-column-is-layout-flow\" style=\"flex-basis:50%\">\n<div class=\"wp-block-group alignfull\"><div class=\"wp-block-group__inner-container is-layout-flow wp-block-group-is-layout-flow\">\n<h2 class=\"wp-block-heading\">A sua gradua\u00e7\u00e3o <br>sempre \u00e0 m\u00e3o<\/h2>\n\n\n\n<p>J\u00e1 imaginou ter a sua gradua\u00e7\u00e3o sempre \u00e0 dist\u00e2ncia de um clique, pronta para consultar sempre que precisar?<\/p>\n<\/div><\/div>\n<\/div>\n\n\n\n<div class=\"wp-block-column is-layout-flow wp-block-column-is-layout-flow\" style=\"flex-basis:50%\">\n<figure class=\"wp-block-image size-large\"><img decoding=\"async\" src=\"https:\/\/ecard.shamir.com\/pt\/wp-content\/uploads\/sites\/5\/2026\/02\/ecard-6.png\" alt=\"\" width=\"298\" height=\"359\"><\/figure>\n<\/div>\n<\/div>\n\n\n\n<div class=\"wp-block-columns alignfull bloco-seguro is-layout-flex wp-container-core-columns-is-layout-9d6595d7 wp-block-columns-is-layout-flex\">\n<div class=\"wp-block-column is-layout-flow wp-block-column-is-layout-flow\"><\/div>\n\n\n\n<div class=\"wp-block-column is-layout-flow wp-block-column-is-layout-flow\" style=\"flex-basis:65%\">\n<div class=\"wp-block-group alignfull\"><div class=\"wp-block-group__inner-container is-layout-flow wp-block-group-is-layout-flow\">\n<h2 class=\"wp-block-heading\">Oferta do Seguro Shamir<\/h2>\n\n\n\n<p>Em parceria com a Companhia de Seguros Fidelidade, oferecemos um benef\u00edcio inovador aos utilizadores de lentes Shamir \u2013 o Seguro Shamir.<br>Dispon\u00edvel em lentes Shamir Autograph Intelligence\u2122, Autograph IIID\u2122, Autograph Intouch UX\u00ae, Autograph Urban\u2122, Shamir Optimee\u2122 e Shamir Driver Intelligence\u2122.<\/p>\n<\/div><\/div>\n<\/div>\n<\/div>\n\n\n\n<p><\/p>\n","protected":false},"excerpt":{"rendered":"<p>Aceda \u00e0 sua \u00e1rea pessoal preenchendo os dados presentes no cart\u00e3o que acompanha as suas lentes Shamir. Onde encontrar o meu ID e a minha chave? ID Chave Este site \u00e9 protegido pelo reCAPTCHA do Google, a sua Pol\u00edtica de Privacidade e os seus Termos de Servi\u00e7o aplicam-se. O que \u00e9 o Shamir eCard O&hellip; <a class=\"more-link\" href=\"https:\/\/ecard.shamir.com\/pt\/\">Continue a ler <span class=\"screen-reader-text\">home-page<\/span><\/a><\/p>\n","protected":false},"author":1,"featured_media":0,"parent":0,"menu_order":0,"comment_status":"closed","ping_status":"closed","template":"","meta":{"_acf_changed":false,"_monsterinsights_skip_tracking":false,"_monsterinsights_sitenote_active":false,"_monsterinsights_sitenote_note":"","_monsterinsights_sitenote_category":0,"footnotes":""},"class_list":["post-4","page","type-page","status-publish","hentry","entry"],"acf":[],"aioseo_notices":[],"_links":{"self":[{"href":"https:\/\/ecard.shamir.com\/pt\/wp-json\/wp\/v2\/pages\/4","targetHints":{"allow":["GET"]}}],"collection":[{"href":"https:\/\/ecard.shamir.com\/pt\/wp-json\/wp\/v2\/pages"}],"about":[{"href":"https:\/\/ecard.shamir.com\/pt\/wp-json\/wp\/v2\/types\/page"}],"author":[{"embeddable":true,"href":"https:\/\/ecard.shamir.com\/pt\/wp-json\/wp\/v2\/users\/1"}],"replies":[{"embeddable":true,"href":"https:\/\/ecard.shamir.com\/pt\/wp-json\/wp\/v2\/comments?post=4"}],"version-history":[{"count":20,"href":"https:\/\/ecard.shamir.com\/pt\/wp-json\/wp\/v2\/pages\/4\/revisions"}],"predecessor-version":[{"id":487,"href":"https:\/\/ecard.shamir.com\/pt\/wp-json\/wp\/v2\/pages\/4\/revisions\/487"}],"wp:attachment":[{"href":"https:\/\/ecard.shamir.com\/pt\/wp-json\/wp\/v2\/media?parent=4"}],"curies":[{"name":"wp","href":"https:\/\/api.w.org\/{rel}","templated":true}]}}