{"id":205,"date":"2021-05-16T19:59:15","date_gmt":"2021-05-16T19:59:15","guid":{"rendered":"https:\/\/davidsiqueira.com\/dev\/?page_id=7"},"modified":"2022-01-05T23:50:01","modified_gmt":"2022-01-05T22:50:01","slug":"shamir-ecard-2","status":"publish","type":"page","link":"https:\/\/ecard.shamir.com\/es\/","title":{"rendered":"home-page"},"content":{"rendered":"\n<div class=\"wp-block-group alignfull login-hero\"><div class=\"wp-block-group__inner-container is-layout-flow wp-block-group-is-layout-flow\">\n<div class=\"wp-block-columns alignfull is-layout-flex wp-container-core-columns-is-layout-9d6595d7 wp-block-columns-is-layout-flex\">\n<div class=\"wp-block-column is-layout-flow wp-block-column-is-layout-flow\">\n<p>Acceda a su \u00e1rea personal rellenando los datos de la tarjeta que acompa\u00f1a a sus lentes Shamir.<\/p>\n<\/div>\n\n\n\n<div class=\"wp-block-column dark-card is-layout-flow wp-block-column-is-layout-flow\">\n<div class=\"wp-block-group\"><div class=\"wp-block-group__inner-container is-layout-flow wp-block-group-is-layout-flow\"><\/div><\/div>\n\n\n<div class=\"wpforms-container wpforms-container-full wpforms-block\" id=\"wpforms-30\"><form id=\"wpforms-form-30\" class=\"wpforms-validate wpforms-form\" data-formid=\"30\" method=\"post\" enctype=\"multipart\/form-data\" action=\"\/es\/wp-json\/wp\/v2\/pages\/205\" data-token=\"fa617deca4378550f5f8f9ce8181a092\" data-token-time=\"1777559671\"><noscript class=\"wpforms-error-noscript\">Por favor, activa JavaScript en tu navegador para completar este formulario.<\/noscript><div class=\"wpforms-field-container\"><div id=\"wpforms-30-field_1-container\" class=\"wpforms-field wpforms-field-text\" data-field-id=\"1\"><label class=\"wpforms-field-label\" for=\"wpforms-30-field_1\">ID <span class=\"wpforms-required-label\">*<\/span><\/label><input type=\"text\" id=\"wpforms-30-field_1\" class=\"wpforms-field-medium wpforms-field-required wpforms-limit-characters-enabled\" data-form-id=\"30\" data-field-id=\"1\" data-text-limit=\"15\" name=\"wpforms[fields][1]\" maxlength=\"15\" required><\/div><div id=\"wpforms-30-field_2-container\" class=\"wpforms-field wpforms-field-text\" data-field-id=\"2\"><label class=\"wpforms-field-label\" for=\"wpforms-30-field_2\">Clave <span class=\"wpforms-required-label\">*<\/span><\/label><input type=\"text\" id=\"wpforms-30-field_2\" class=\"wpforms-field-medium wpforms-field-required wpforms-limit-characters-enabled\" data-form-id=\"30\" data-field-id=\"2\" data-text-limit=\"15\" name=\"wpforms[fields][2]\" maxlength=\"15\" required><\/div><\/div><!-- .wpforms-field-container --><div class=\"wpforms-field wpforms-field-hp\"><label for=\"wpforms-30-field-hp\" class=\"wpforms-field-label\">Comment<\/label><input type=\"text\" name=\"wpforms[hp]\" id=\"wpforms-30-field-hp\" class=\"wpforms-field-medium\"><\/div><div class=\"wpforms-submit-container\" ><input type=\"hidden\" name=\"wpforms[id]\" value=\"30\"><input type=\"hidden\" name=\"page_title\" value=\"\"><input type=\"hidden\" name=\"page_url\" value=\"https:\/\/ecard.shamir.com\/es\/wp-json\/wp\/v2\/pages\/205\"><button type=\"submit\" name=\"wpforms[submit]\" id=\"wpforms-submit-30\" class=\"wpforms-submit\" data-alt-text=\"Espere...\" data-submit-text=\"Acceder\" aria-live=\"assertive\" value=\"wpforms-submit\">Acceder<\/button><\/div><\/form><\/div>  <!-- .wpforms-container -->\n\n\n<div class=\"wp-block-group wrap-collabsible\"><div class=\"wp-block-group__inner-container is-layout-flow wp-block-group-is-layout-flow\">\n<input id=\"collapsible\" class=\"toggle\" type=\"checkbox\"><label for=\"collapsible\" class=\"lbl-toggle\">\u00bfD\u00f3nde puedo encontrar mi ID y clave?<\/label>\n  <div class=\"collapsible-content\">\n    <div class=\"content-inner\">\n\n\n\n<div class=\"wp-block-group ecard-example\"><div class=\"wp-block-group__inner-container is-layout-flow wp-block-group-is-layout-flow\">\n<p>ID<\/p>\n\n\n\n<p>Clave<\/p>\n<\/div><\/div>\n\n\n\n<\/div><\/div>\n\n\n\n<p><\/p>\n<\/div><\/div>\n\n\n\n<p class=\"has-extra-small-font-size\" style=\"line-height:1\"><small>Este sitio est\u00e1 protegido por reCAPTCHA de  Google, se aplica su <a href=\"https:\/\/policies.google.com\/privacy\">Pol\u00edtica de Privacidad<\/a> y las <a href=\"https:\/\/policies.google.com\/terms\">Condiciones del Servicio<\/a>.<\/small> <\/p>\n<\/div>\n<\/div>\n<\/div><\/div>\n\n\n\n<div class=\"wp-block-group red-curve-block\"><div class=\"wp-block-group__inner-container is-layout-flow wp-block-group-is-layout-flow\">\n<h2 class=\"wp-block-heading\">Qu\u00e9 es Shamir eCard<\/h2>\n\n\n\n<p>Shamir eCard es el certificado digital de origen de las lentes oft\u00e1lmicas de Shamir, que garantiza, junto con la marca l\u00e1ser de sus lentes, que han sido desarrolladas y producidas por el laboratorio Shamir.<\/p>\n<\/div><\/div>\n\n\n\n<div class=\"wp-block-columns alignfull bloco-tech is-layout-flex wp-container-core-columns-is-layout-9d6595d7 wp-block-columns-is-layout-flex\">\n<div class=\"wp-block-column is-layout-flow wp-block-column-is-layout-flow\" style=\"flex-basis:50%\"><\/div>\n\n\n\n<div class=\"wp-block-column is-layout-flow wp-block-column-is-layout-flow\" style=\"flex-basis:50%\">\n<div class=\"wp-block-group alignfull\"><div class=\"wp-block-group__inner-container is-layout-flow wp-block-group-is-layout-flow\">\n<h2 class=\"wp-block-heading\">Informaci\u00f3n detallada sobre sus lentes<\/h2>\n\n\n\n<p>\u00a1Conozca en detalle lo que tiene delante de sus ojos!<\/p>\n<\/div><\/div>\n<\/div>\n<\/div>\n\n\n\n<div class=\"wp-block-columns alignfull bloco-cinzento is-layout-flex wp-container-core-columns-is-layout-9d6595d7 wp-block-columns-is-layout-flex\">\n<div class=\"wp-block-column is-layout-flow wp-block-column-is-layout-flow\" style=\"flex-basis:50%\">\n<div class=\"wp-block-group alignfull\"><div class=\"wp-block-group__inner-container is-layout-flow wp-block-group-is-layout-flow\">\n<h2 class=\"wp-block-heading\">Su graduaci\u00f3n<br>siempre a mano<\/h2>\n\n\n\n<p>\u00bfTe imaginas tener tu graduaci\u00f3n en un solo clic, siempre que necesites consultarla?<\/p>\n<\/div><\/div>\n<\/div>\n\n\n\n<div class=\"wp-block-column is-layout-flow wp-block-column-is-layout-flow\" style=\"flex-basis:50%\">\n<figure class=\"wp-block-image size-large\"><img decoding=\"async\" src=\"https:\/\/ecard.shamir.com\/wp-content\/uploads\/2021\/06\/phone-ecard.png\" alt=\"\" width=\"298\" height=\"359\"><\/figure>\n<\/div>\n<\/div>\n\n\n\n<div class=\"wp-block-columns alignfull bloco-seguro is-layout-flex wp-container-core-columns-is-layout-9d6595d7 wp-block-columns-is-layout-flex\">\n<div class=\"wp-block-column is-layout-flow wp-block-column-is-layout-flow\"><\/div>\n\n\n\n<div class=\"wp-block-column is-layout-flow wp-block-column-is-layout-flow\" style=\"flex-basis:65%\">\n<div class=\"wp-block-group alignfull\"><div class=\"wp-block-group__inner-container is-layout-flow wp-block-group-is-layout-flow\"><\/div><\/div>\n<\/div>\n<\/div>\n\n\n\n<p><\/p>\n","protected":false},"excerpt":{"rendered":"<p>Acceda a su \u00e1rea personal rellenando los datos de la tarjeta que acompa\u00f1a a sus lentes Shamir. \u00bfD\u00f3nde puedo encontrar mi ID y clave? ID Clave Este sitio est\u00e1 protegido por reCAPTCHA de Google, se aplica su Pol\u00edtica de Privacidad y las Condiciones del Servicio. Qu\u00e9 es Shamir eCard Shamir eCard es el certificado digital&hellip; <a class=\"more-link\" href=\"https:\/\/ecard.shamir.com\/es\/\">Seguir leyendo <span class=\"screen-reader-text\">home-page<\/span><\/a><\/p>\n","protected":false},"author":1,"featured_media":0,"parent":0,"menu_order":0,"comment_status":"closed","ping_status":"closed","template":"","meta":{"_acf_changed":false,"_monsterinsights_skip_tracking":false,"_monsterinsights_sitenote_active":false,"_monsterinsights_sitenote_note":"","_monsterinsights_sitenote_category":0,"footnotes":""},"class_list":["post-205","page","type-page","status-publish","hentry","entry"],"acf":[],"aioseo_notices":[],"_links":{"self":[{"href":"https:\/\/ecard.shamir.com\/es\/wp-json\/wp\/v2\/pages\/205","targetHints":{"allow":["GET"]}}],"collection":[{"href":"https:\/\/ecard.shamir.com\/es\/wp-json\/wp\/v2\/pages"}],"about":[{"href":"https:\/\/ecard.shamir.com\/es\/wp-json\/wp\/v2\/types\/page"}],"author":[{"embeddable":true,"href":"https:\/\/ecard.shamir.com\/es\/wp-json\/wp\/v2\/users\/1"}],"replies":[{"embeddable":true,"href":"https:\/\/ecard.shamir.com\/es\/wp-json\/wp\/v2\/comments?post=205"}],"version-history":[{"count":12,"href":"https:\/\/ecard.shamir.com\/es\/wp-json\/wp\/v2\/pages\/205\/revisions"}],"predecessor-version":[{"id":240,"href":"https:\/\/ecard.shamir.com\/es\/wp-json\/wp\/v2\/pages\/205\/revisions\/240"}],"wp:attachment":[{"href":"https:\/\/ecard.shamir.com\/es\/wp-json\/wp\/v2\/media?parent=205"}],"curies":[{"name":"wp","href":"https:\/\/api.w.org\/{rel}","templated":true}]}}